{"id":139,"date":"2014-04-23T11:12:12","date_gmt":"2014-04-23T09:12:12","guid":{"rendered":"http:\/\/crowdfundingvoorclubs.nl\/site\/?page_id=139"},"modified":"2019-02-19T09:36:40","modified_gmt":"2019-02-19T08:36:40","slug":"aanmelden-workshop-crowdfunding-voor-clubs","status":"publish","type":"page","link":"https:\/\/site.crowdfundingvoorclubs.nl\/site\/aanmelden-workshop-crowdfunding-voor-clubs\/","title":{"rendered":"Workshops"},"content":{"rendered":"<h3>Workshop Crowdfunding voor Clubs<\/h3>\n<p>Crowdfunding is d\u00e9 nieuwe manier van fondsenwerving. Wil je weten op welke manier jouw vereniging crowdfunding kan benutten? Kom dan bij \u00e9\u00e9n van onze workshops langs. Je bent van harte welkom.<\/p>\n<div style=\"color: #222222;\">Crowdfunding voor Clubs geeft tools mee die je meteen kan toepassen bij de Club, grote of kleine verenigingen.<\/div>\n<div style=\"color: #222222;\">Een aanzet om anders te denken over acties en van gedachten wisselen met andere clubs over aanpak.<\/div>\n<p style=\"color: #666666;\">Het was inspirerend. Kwartjes zijn wat dieper gezakt\u00a0en ik heb zin om de kennis te delen met de sponsorcommissie van AS80.\u00a0Ik geef de workshop een 9.<span style=\"color: #222222;\">Goede, beknopte en energieke presentatie die\u00a0duidelijk uitleg\u00a0en inzicht geeft in de mogelijkheden van crowdfunding. Helpt ons goed op weg om nieuwe wegen te gaan bewandelen. Een 9.<\/span><\/p>\n<h3>Voor wie?<\/h3>\n<p>De workshop is bestemd voor bestuurders van sportverenigingen en andere clubs. In de workshop zal worden behandeld hoe een lokale vereniging crowdfunding kan inzetten om extra inkomsten te genereren en specifieke initiatieven te realiseren. Tijdens deze avond krijg je concrete tips, trucs en tools aangereikt die je in staat stellen direct met crowdfunding aan de gang te gaan.<\/p>\n<h3>Waar en wanneer?<\/h3>\n<p>De\u00a0volgende workshops vinden plaats\u00a0op:<\/p>\n<p>9 november in Limburg<\/p>\n<p>De workshops duren ca. 2,5 uur.<\/p>\n<p>Net zoals ons crowdfundingplatform is ook onze workshop no-cure-no-pay. U bepaalt achteraf zelf wat u het waard vond en voor welk bedrag wij een rekening kunnen sturen.<\/p>\n<p>Wij zijn ook aanwezig op de volgende evenementen:<\/p>\n<p>Woensdag\u00a014 en donderdag 15 november om 14uur op de Nationale Sportvakbeurs\u00a0in\u00a0Gorinchem (<a href=\"https:\/\/nationalesportvakbeurs.nl\/\">https:\/\/nationalesportvakbeurs.nl\/<\/a>). Toegang is gratis. Inschrijven via:\u00a0https:\/\/nsvb.ticketteam.com\/nsvb.html<\/p>\n<p>Bent u niet aangesloten bij de organiserende organisatie? Dan kunnen wij bij de organisatie navragen of u toch deel kan nemen. Stuur ons in dat geval even een mailtje via: crowdfunding@sponsorvisie.nl.<\/p>\n<p>Via onderstaand formulier kan je je voor een workshop naar keuze opgeven:<\/p>\n<p>De workshop zal om 19.45uur beginnen. Graag verwelkomen wij je vanaf 19.15uur. De workshop zal tot uiterlijk 21.30 uur duren waarna er nog gelegenheid is om na te praten aan de bar.<\/p>\n<p>Heb je nog vragen, neem dan gerust contact met ons op via onderstaande contactgegevens<\/p>\n<p>Met vriendelijke groet,<\/p>\n<p>Crowdfunding voor Clubs<br \/>\nE-mail: info@crowdfundingvoorclubs.nl<br \/>\nTelefoon: +31 (0)20 3080647<\/p>\n","protected":false},"excerpt":{"rendered":"<p>Workshop Crowdfunding voor Clubs Crowdfunding is d\u00e9 nieuwe manier van fondsenwerving. Wil je weten op welke manier jouw vereniging crowdfunding kan benutten? [&hellip;]<\/p>\n","protected":false},"author":3,"featured_media":0,"parent":0,"menu_order":0,"comment_status":"closed","ping_status":"open","template":"","meta":{"_bbp_topic_count":0,"_bbp_reply_count":0,"_bbp_total_topic_count":0,"_bbp_total_reply_count":0,"_bbp_voice_count":0,"_bbp_anonymous_reply_count":0,"_bbp_topic_count_hidden":0,"_bbp_reply_count_hidden":0,"_bbp_forum_subforum_count":0},"yoast_head":"<!-- This site is optimized with the Yoast SEO plugin v20.4 - https:\/\/yoast.com\/wordpress\/plugins\/seo\/ -->\n<title>Workshops -<\/title>\n<meta name=\"description\" content=\"Wilt u weten hoe u Crowdfunding kunt inzetten voor uw vereniging. Kom dan naar de Workshop Crowdfunding voor Clubs. U kunt daarna direct aan de slag!\" \/>\n<meta name=\"robots\" content=\"index, follow, max-snippet:-1, max-image-preview:large, max-video-preview:-1\" \/>\n<link rel=\"canonical\" href=\"https:\/\/site.crowdfundingvoorclubs.nl\/site\/aanmelden-workshop-crowdfunding-voor-clubs\/\" \/>\n<meta property=\"og:locale\" content=\"nl_NL\" \/>\n<meta property=\"og:type\" content=\"article\" \/>\n<meta property=\"og:title\" content=\"Workshops -\" \/>\n<meta property=\"og:description\" content=\"Wilt u weten hoe u Crowdfunding kunt inzetten voor uw vereniging. Kom dan naar de Workshop Crowdfunding voor Clubs. U kunt daarna direct aan de slag!\" \/>\n<meta property=\"og:url\" content=\"https:\/\/site.crowdfundingvoorclubs.nl\/site\/aanmelden-workshop-crowdfunding-voor-clubs\/\" \/>\n<meta property=\"article:modified_time\" content=\"2019-02-19T08:36:40+00:00\" \/>\n<meta name=\"twitter:label1\" content=\"Geschatte leestijd\" \/>\n\t<meta name=\"twitter:data1\" content=\"2 minuten\" \/>\n<script type=\"application\/ld+json\" class=\"yoast-schema-graph\">{\"@context\":\"https:\/\/schema.org\",\"@graph\":[{\"@type\":\"WebPage\",\"@id\":\"https:\/\/site.crowdfundingvoorclubs.nl\/site\/aanmelden-workshop-crowdfunding-voor-clubs\/\",\"url\":\"https:\/\/site.crowdfundingvoorclubs.nl\/site\/aanmelden-workshop-crowdfunding-voor-clubs\/\",\"name\":\"Workshops -\",\"isPartOf\":{\"@id\":\"https:\/\/site.crowdfundingvoorclubs.nl\/site\/#website\"},\"datePublished\":\"2014-04-23T09:12:12+00:00\",\"dateModified\":\"2019-02-19T08:36:40+00:00\",\"description\":\"Wilt u weten hoe u Crowdfunding kunt inzetten voor uw vereniging. Kom dan naar de Workshop Crowdfunding voor Clubs. U kunt daarna direct aan de slag!\",\"breadcrumb\":{\"@id\":\"https:\/\/site.crowdfundingvoorclubs.nl\/site\/aanmelden-workshop-crowdfunding-voor-clubs\/#breadcrumb\"},\"inLanguage\":\"nl-NL\",\"potentialAction\":[{\"@type\":\"ReadAction\",\"target\":[\"https:\/\/site.crowdfundingvoorclubs.nl\/site\/aanmelden-workshop-crowdfunding-voor-clubs\/\"]}]},{\"@type\":\"BreadcrumbList\",\"@id\":\"https:\/\/site.crowdfundingvoorclubs.nl\/site\/aanmelden-workshop-crowdfunding-voor-clubs\/#breadcrumb\",\"itemListElement\":[{\"@type\":\"ListItem\",\"position\":1,\"name\":\"Home\",\"item\":\"https:\/\/site.crowdfundingvoorclubs.nl\/site\/\"},{\"@type\":\"ListItem\",\"position\":2,\"name\":\"Workshops\"}]},{\"@type\":\"WebSite\",\"@id\":\"https:\/\/site.crowdfundingvoorclubs.nl\/site\/#website\",\"url\":\"https:\/\/site.crowdfundingvoorclubs.nl\/site\/\",\"name\":\"\",\"description\":\"\",\"potentialAction\":[{\"@type\":\"SearchAction\",\"target\":{\"@type\":\"EntryPoint\",\"urlTemplate\":\"https:\/\/site.crowdfundingvoorclubs.nl\/site\/?s={search_term_string}\"},\"query-input\":\"required name=search_term_string\"}],\"inLanguage\":\"nl-NL\"}]}<\/script>\n<!-- \/ Yoast SEO plugin. -->","yoast_head_json":{"title":"Workshops -","description":"Wilt u weten hoe u Crowdfunding kunt inzetten voor uw vereniging. Kom dan naar de Workshop Crowdfunding voor Clubs. U kunt daarna direct aan de slag!","robots":{"index":"index","follow":"follow","max-snippet":"max-snippet:-1","max-image-preview":"max-image-preview:large","max-video-preview":"max-video-preview:-1"},"canonical":"https:\/\/site.crowdfundingvoorclubs.nl\/site\/aanmelden-workshop-crowdfunding-voor-clubs\/","og_locale":"nl_NL","og_type":"article","og_title":"Workshops -","og_description":"Wilt u weten hoe u Crowdfunding kunt inzetten voor uw vereniging. Kom dan naar de Workshop Crowdfunding voor Clubs. U kunt daarna direct aan de slag!","og_url":"https:\/\/site.crowdfundingvoorclubs.nl\/site\/aanmelden-workshop-crowdfunding-voor-clubs\/","article_modified_time":"2019-02-19T08:36:40+00:00","twitter_misc":{"Geschatte leestijd":"2 minuten"},"schema":{"@context":"https:\/\/schema.org","@graph":[{"@type":"WebPage","@id":"https:\/\/site.crowdfundingvoorclubs.nl\/site\/aanmelden-workshop-crowdfunding-voor-clubs\/","url":"https:\/\/site.crowdfundingvoorclubs.nl\/site\/aanmelden-workshop-crowdfunding-voor-clubs\/","name":"Workshops -","isPartOf":{"@id":"https:\/\/site.crowdfundingvoorclubs.nl\/site\/#website"},"datePublished":"2014-04-23T09:12:12+00:00","dateModified":"2019-02-19T08:36:40+00:00","description":"Wilt u weten hoe u Crowdfunding kunt inzetten voor uw vereniging. Kom dan naar de Workshop Crowdfunding voor Clubs. U kunt daarna direct aan de slag!","breadcrumb":{"@id":"https:\/\/site.crowdfundingvoorclubs.nl\/site\/aanmelden-workshop-crowdfunding-voor-clubs\/#breadcrumb"},"inLanguage":"nl-NL","potentialAction":[{"@type":"ReadAction","target":["https:\/\/site.crowdfundingvoorclubs.nl\/site\/aanmelden-workshop-crowdfunding-voor-clubs\/"]}]},{"@type":"BreadcrumbList","@id":"https:\/\/site.crowdfundingvoorclubs.nl\/site\/aanmelden-workshop-crowdfunding-voor-clubs\/#breadcrumb","itemListElement":[{"@type":"ListItem","position":1,"name":"Home","item":"https:\/\/site.crowdfundingvoorclubs.nl\/site\/"},{"@type":"ListItem","position":2,"name":"Workshops"}]},{"@type":"WebSite","@id":"https:\/\/site.crowdfundingvoorclubs.nl\/site\/#website","url":"https:\/\/site.crowdfundingvoorclubs.nl\/site\/","name":"","description":"","potentialAction":[{"@type":"SearchAction","target":{"@type":"EntryPoint","urlTemplate":"https:\/\/site.crowdfundingvoorclubs.nl\/site\/?s={search_term_string}"},"query-input":"required name=search_term_string"}],"inLanguage":"nl-NL"}]}},"_links":{"self":[{"href":"https:\/\/site.crowdfundingvoorclubs.nl\/site\/wp-json\/wp\/v2\/pages\/139"}],"collection":[{"href":"https:\/\/site.crowdfundingvoorclubs.nl\/site\/wp-json\/wp\/v2\/pages"}],"about":[{"href":"https:\/\/site.crowdfundingvoorclubs.nl\/site\/wp-json\/wp\/v2\/types\/page"}],"author":[{"embeddable":true,"href":"https:\/\/site.crowdfundingvoorclubs.nl\/site\/wp-json\/wp\/v2\/users\/3"}],"replies":[{"embeddable":true,"href":"https:\/\/site.crowdfundingvoorclubs.nl\/site\/wp-json\/wp\/v2\/comments?post=139"}],"version-history":[{"count":108,"href":"https:\/\/site.crowdfundingvoorclubs.nl\/site\/wp-json\/wp\/v2\/pages\/139\/revisions"}],"predecessor-version":[{"id":1230,"href":"https:\/\/site.crowdfundingvoorclubs.nl\/site\/wp-json\/wp\/v2\/pages\/139\/revisions\/1230"}],"wp:attachment":[{"href":"https:\/\/site.crowdfundingvoorclubs.nl\/site\/wp-json\/wp\/v2\/media?parent=139"}],"curies":[{"name":"wp","href":"https:\/\/api.w.org\/{rel}","templated":true}]}}